{"id":7138,"date":"2020-05-21T00:28:09","date_gmt":"2020-05-21T03:28:09","guid":{"rendered":"http:\/\/legacy.anacouto.com.br\/?page_id=7138"},"modified":"2024-06-19T16:34:43","modified_gmt":"2024-06-19T19:34:43","slug":"desperdicio-inaceitavel","status":"publish","type":"page","link":"https:\/\/anacouto.com.br\/en\/desperdicio-inaceitavel\/","title":{"rendered":"O Desperd\u00edcio \u00e9 Inaceit\u00e1vel"},"content":{"rendered":"","protected":false},"excerpt":{"rendered":"","protected":false},"author":2,"featured_media":0,"parent":0,"menu_order":0,"comment_status":"closed","ping_status":"closed","template":"","meta":{"footnotes":""},"class_list":["post-7138","page","type-page","status-publish","hentry"],"_links":{"self":[{"href":"https:\/\/anacouto.com.br\/en\/wp-json\/wp\/v2\/pages\/7138","targetHints":{"allow":["GET"]}}],"collection":[{"href":"https:\/\/anacouto.com.br\/en\/wp-json\/wp\/v2\/pages"}],"about":[{"href":"https:\/\/anacouto.com.br\/en\/wp-json\/wp\/v2\/types\/page"}],"author":[{"embeddable":true,"href":"https:\/\/anacouto.com.br\/en\/wp-json\/wp\/v2\/users\/2"}],"replies":[{"embeddable":true,"href":"https:\/\/anacouto.com.br\/en\/wp-json\/wp\/v2\/comments?post=7138"}],"version-history":[{"count":1,"href":"https:\/\/anacouto.com.br\/en\/wp-json\/wp\/v2\/pages\/7138\/revisions"}],"predecessor-version":[{"id":13645,"href":"https:\/\/anacouto.com.br\/en\/wp-json\/wp\/v2\/pages\/7138\/revisions\/13645"}],"wp:attachment":[{"href":"https:\/\/anacouto.com.br\/en\/wp-json\/wp\/v2\/media?parent=7138"}],"curies":[{"name":"wp","href":"https:\/\/api.w.org\/{rel}","templated":true}]}}