{"id":3313,"date":"2018-01-26T17:15:07","date_gmt":"2018-01-26T19:15:07","guid":{"rendered":"http:\/\/legacy.anacouto.com.br\/contato\/"},"modified":"2018-01-26T17:15:07","modified_gmt":"2018-01-26T19:15:07","slug":"contacto","status":"publish","type":"page","link":"https:\/\/anacouto.com.br\/en\/contacto\/","title":{"rendered":"Contacto"},"content":{"rendered":"<h4>RECEP\u00c7\u00c3O RIO<\/h4>\n<p>+55 (21) 3205 9970<\/p>\n<h4>[su_hr-black]<\/h4>\n<h4>RECEP\u00c7\u00c3O SP<\/h4>\n<p>+55 (11) 3089 4949<\/p>\n<h4>[su_hr-black]<\/h4>\n<h4>ASESOR\u00cdA DE PRENSA<\/h4>\n<p>Para informaci\u00f3n relacionada con asesor\u00eda de prensa, eventos y asociaciones:<br \/>\n<i class=\"fa fa-envelope\"><\/i>\u00a0\u00a0<a href=\"mailto:vanessa@factoriacomunicacao.com\">Vanessa Cardoso<\/a> e <a href=\"mailto:eduardo@factoriacomunicacao.com\">Eduardo Marques<\/a> | <strong>Factoria Comunica\u00e7\u00e3o<\/strong><\/a><\/p>\n<h4>[su_hr-black]<\/h4>\n<h4>CUPOS<\/h4>\n<p>Est\u00e9 atento a nuestro <a href=\"http:\/\/www.linkedin.com\/company\/873620\/\" target=\"_blank\" rel=\"noopener\">LinkedIn<\/a>. Si lo prefiere, env\u00ede su curr\u00edculum a:<br \/>\n<i class=\"fa fa-envelope\"><\/i>\u00a0\u00a0<a href=\"mailto:vagas@anacouto.com.br\">vagas@anacouto.com.br<\/a><\/p>\n<h4>[su_hr-black]<\/h4>\n<h4>OTROS ASUNTOS<\/h4>\n<p>Temas relacionados con el Universo AC o un simple &#8220;Hola&#8221; de su parte:<br \/>\n<i class=\"fa fa-envelope\"><\/i>\u00a0\u00a0<a href=\"mailto:contato@anacouto.com.br\">contato@anacouto.com.br<\/a><\/p>\n<h4>[su_hr-black]<\/h4>\n<h4>NUEVOS NEGOCIOS<\/h4>\n<p>Para entender con m\u00e1s detalles c\u00f3mo funcionamos y qu\u00e9 tipo de soluciones podemos ofrecer para su empresa, p\u00f3nganse en contacto:<\/p>\n","protected":false},"excerpt":{"rendered":"<p>RECEP\u00c7\u00c3O RIO +55 (21) 3205 9970 [su_hr-black] RECEP\u00c7\u00c3O SP +55 (11) 3089 4949 [su_hr-black] ASESOR\u00cdA DE PRENSA Para informaci\u00f3n relacionada con asesor\u00eda de prensa, eventos y asociaciones: \u00a0\u00a0Vanessa Cardoso e Eduardo Marques | Factoria Comunica\u00e7\u00e3o [su_hr-black] CUPOS Est\u00e9 atento a nuestro LinkedIn. Si lo prefiere, env\u00ede su curr\u00edculum a: \u00a0\u00a0vagas@anacouto.com.br [su_hr-black] OTROS ASUNTOS Temas relacionados [&hellip;]<\/p>\n","protected":false},"author":2,"featured_media":0,"parent":0,"menu_order":0,"comment_status":"closed","ping_status":"closed","template":"contato.php","meta":{"footnotes":""},"class_list":["post-3313","page","type-page","status-publish","hentry"],"_links":{"self":[{"href":"https:\/\/anacouto.com.br\/en\/wp-json\/wp\/v2\/pages\/3313","targetHints":{"allow":["GET"]}}],"collection":[{"href":"https:\/\/anacouto.com.br\/en\/wp-json\/wp\/v2\/pages"}],"about":[{"href":"https:\/\/anacouto.com.br\/en\/wp-json\/wp\/v2\/types\/page"}],"author":[{"embeddable":true,"href":"https:\/\/anacouto.com.br\/en\/wp-json\/wp\/v2\/users\/2"}],"replies":[{"embeddable":true,"href":"https:\/\/anacouto.com.br\/en\/wp-json\/wp\/v2\/comments?post=3313"}],"version-history":[{"count":0,"href":"https:\/\/anacouto.com.br\/en\/wp-json\/wp\/v2\/pages\/3313\/revisions"}],"wp:attachment":[{"href":"https:\/\/anacouto.com.br\/en\/wp-json\/wp\/v2\/media?parent=3313"}],"curies":[{"name":"wp","href":"https:\/\/api.w.org\/{rel}","templated":true}]}}