{"id":19079,"date":"2025-04-08T15:52:39","date_gmt":"2025-04-08T18:52:39","guid":{"rendered":"https:\/\/anacouto.com.br\/?page_id=19079"},"modified":"2025-04-15T17:03:32","modified_gmt":"2025-04-15T20:03:32","slug":"paper-branding-e-reputacao","status":"publish","type":"page","link":"https:\/\/anacouto.com.br\/en\/artigos\/paper-branding-e-reputacao\/","title":{"rendered":"Paper: branding e reputa\u00e7\u00e3o"},"content":{"rendered":"<div data-elementor-type=\"wp-page\" data-elementor-id=\"19079\" class=\"elementor elementor-19079\" data-elementor-post-type=\"page\">\n\t\t\t\t\t\t<section class=\"elementor-section elementor-top-section elementor-element elementor-element-82bce1a elementor-section-boxed elementor-section-height-default elementor-section-height-default\" data-id=\"82bce1a\" data-element_type=\"section\" data-e-type=\"section\" data-settings=\"{&quot;background_background&quot;:&quot;classic&quot;}\">\n\t\t\t\t\t\t<div class=\"elementor-container elementor-column-gap-default\">\n\t\t\t\t\t<div class=\"elementor-column elementor-col-50 elementor-top-column elementor-element elementor-element-303ae6dd\" data-id=\"303ae6dd\" data-element_type=\"column\" data-e-type=\"column\">\n\t\t\t<div class=\"elementor-widget-wrap elementor-element-populated\">\n\t\t\t\t\t\t<div class=\"elementor-element elementor-element-3f65a90 elementor-widget elementor-widget-image\" data-id=\"3f65a90\" data-element_type=\"widget\" data-e-type=\"widget\" data-widget_type=\"image.default\">\n\t\t\t\t<div class=\"elementor-widget-container\">\n\t\t\t\t\t\t\t\t\t\t\t\t\t\t\t<img fetchpriority=\"high\" decoding=\"async\" width=\"890\" height=\"150\" src=\"https:\/\/anacouto.com.br\/wp-content\/uploads\/2024\/05\/logo_anacouto_branco.svg\" class=\"attachment-full size-full wp-image-101\" alt=\"\" \/>\t\t\t\t\t\t\t\t\t\t\t\t\t\t\t<\/div>\n\t\t\t\t<\/div>\n\t\t\t\t<div class=\"elementor-element elementor-element-f67dd93 elementor-widget elementor-widget-heading\" data-id=\"f67dd93\" data-element_type=\"widget\" data-e-type=\"widget\" data-widget_type=\"heading.default\">\n\t\t\t\t<div class=\"elementor-widget-container\">\n\t\t\t\t\t<h2 class=\"elementor-heading-title elementor-size-default\">Branding e Reputa\u00e7\u00e3o: Sua marca est\u00e1 preparada para gerar valor real?<\/h2>\t\t\t\t<\/div>\n\t\t\t\t<\/div>\n\t\t\t\t<div class=\"elementor-element elementor-element-f9b84cf elementor-widget elementor-widget-heading\" data-id=\"f9b84cf\" data-element_type=\"widget\" data-e-type=\"widget\" data-widget_type=\"heading.default\">\n\t\t\t\t<div class=\"elementor-widget-container\">\n\t\t\t\t\t<h2 class=\"elementor-heading-title elementor-size-default\">Guia pr\u00e1tico para gestores que querem transformar a gest\u00e3o da branding em reputa\u00e7\u00e3o s\u00f3lida e vantagem competitiva.<\/h2>\t\t\t\t<\/div>\n\t\t\t\t<\/div>\n\t\t\t\t<div class=\"elementor-element elementor-element-53954b39 elementor-align-left elementor-mobile-align-center elementor-invisible elementor-widget elementor-widget-button\" data-id=\"53954b39\" data-element_type=\"widget\" data-e-type=\"widget\" data-settings=\"{&quot;_animation&quot;:&quot;bounceIn&quot;}\" data-widget_type=\"button.default\">\n\t\t\t\t<div class=\"elementor-widget-container\">\n\t\t\t\t\t\t\t\t\t<div class=\"elementor-button-wrapper\">\n\t\t\t\t\t<a class=\"elementor-button elementor-button-link elementor-size-lg elementor-animation-shrink\" href=\"#paper-branding-e-reputacao-b3bb6458dee2fe600694\">\n\t\t\t\t\t\t<span class=\"elementor-button-content-wrapper\">\n\t\t\t\t\t\t<span class=\"elementor-button-icon\">\n\t\t\t\t<svg aria-hidden=\"true\" class=\"e-font-icon-svg e-fas-arrow-circle-right\" viewbox=\"0 0 512 512\" xmlns=\"http:\/\/www.w3.org\/2000\/svg\"><path d=\"M256 8c137 0 248 111 248 248S393 504 256 504 8 393 8 256 119 8 256 8zm-28.9 143.6l75.5 72.4H120c-13.3 0-24 10.7-24 24v16c0 13.3 10.7 24 24 24h182.6l-75.5 72.4c-9.7 9.3-9.9 24.8-.4 34.3l11 10.9c9.4 9.4 24.6 9.4 33.9 0L404.3 273c9.4-9.4 9.4-24.6 0-33.9L271.6 106.3c-9.4-9.4-24.6-9.4-33.9 0l-11 10.9c-9.5 9.6-9.3 25.1.4 34.4z\"><\/path><\/svg>\t\t\t<\/span>\n\t\t\t\t\t\t\t\t\t<span class=\"elementor-button-text\">Baixar o paper gratuito<\/span>\n\t\t\t\t\t<\/span>\n\t\t\t\t\t<\/a>\n\t\t\t\t<\/div>\n\t\t\t\t\t\t\t\t<\/div>\n\t\t\t\t<\/div>\n\t\t\t\t\t<\/div>\n\t\t<\/div>\n\t\t\t\t<div class=\"elementor-column elementor-col-50 elementor-top-column elementor-element elementor-element-4ca752ee\" data-id=\"4ca752ee\" data-element_type=\"column\" data-e-type=\"column\">\n\t\t\t<div class=\"elementor-widget-wrap elementor-element-populated\">\n\t\t\t\t\t\t<div class=\"elementor-element elementor-element-846b1c1 elementor-widget elementor-widget-image\" data-id=\"846b1c1\" data-element_type=\"widget\" data-e-type=\"widget\" data-widget_type=\"image.default\">\n\t\t\t\t<div class=\"elementor-widget-container\">\n\t\t\t\t\t\t\t\t\t\t\t\t\t\t\t<img decoding=\"async\" width=\"800\" height=\"800\" src=\"https:\/\/anacouto.com.br\/wp-content\/uploads\/2025\/04\/Foto-Campanha-2.png\" class=\"elementor-animation-grow attachment-large size-large wp-image-19081\" alt=\"Capa do material Branding e Reputa\u00e7\u00e3o da anacouto\" srcset=\"https:\/\/anacouto.com.br\/wp-content\/uploads\/2025\/04\/Foto-Campanha-2.png 1024w, https:\/\/anacouto.com.br\/wp-content\/uploads\/2025\/04\/Foto-Campanha-2-300x300.png 300w, https:\/\/anacouto.com.br\/wp-content\/uploads\/2025\/04\/Foto-Campanha-2-768x768.png 768w, https:\/\/anacouto.com.br\/wp-content\/uploads\/2025\/04\/Foto-Campanha-2-12x12.png 12w\" sizes=\"(max-width: 800px) 100vw, 800px\" \/>\t\t\t\t\t\t\t\t\t\t\t\t\t\t\t<\/div>\n\t\t\t\t<\/div>\n\t\t\t\t\t<\/div>\n\t\t<\/div>\n\t\t\t\t\t<\/div>\n\t\t<\/section>\n\t\t\t\t<section class=\"elementor-section elementor-top-section elementor-element elementor-element-3fc26748 elementor-section-boxed elementor-section-height-default elementor-section-height-default\" data-id=\"3fc26748\" data-element_type=\"section\" data-e-type=\"section\" data-settings=\"{&quot;background_background&quot;:&quot;classic&quot;}\">\n\t\t\t\t\t\t<div class=\"elementor-container elementor-column-gap-default\">\n\t\t\t\t\t<div class=\"elementor-column elementor-col-100 elementor-top-column elementor-element elementor-element-7694b94a\" data-id=\"7694b94a\" data-element_type=\"column\" data-e-type=\"column\" data-settings=\"{&quot;background_background&quot;:&quot;classic&quot;}\">\n\t\t\t<div class=\"elementor-widget-wrap elementor-element-populated\">\n\t\t\t\t\t\t<section class=\"elementor-section elementor-inner-section elementor-element elementor-element-a4d16d8 elementor-section-boxed elementor-section-height-default elementor-section-height-default\" data-id=\"a4d16d8\" data-element_type=\"section\" data-e-type=\"section\">\n\t\t\t\t\t\t<div class=\"elementor-container elementor-column-gap-default\">\n\t\t\t\t\t<div class=\"elementor-column elementor-col-50 elementor-inner-column elementor-element elementor-element-601f1ba7\" data-id=\"601f1ba7\" data-element_type=\"column\" data-e-type=\"column\">\n\t\t\t<div class=\"elementor-widget-wrap elementor-element-populated\">\n\t\t\t\t\t\t<div class=\"elementor-element elementor-element-2dd145b elementor-widget elementor-widget-image\" data-id=\"2dd145b\" data-element_type=\"widget\" data-e-type=\"widget\" data-widget_type=\"image.default\">\n\t\t\t\t<div class=\"elementor-widget-container\">\n\t\t\t\t\t\t\t\t\t\t\t\t\t\t\t<img decoding=\"async\" width=\"800\" height=\"917\" src=\"https:\/\/anacouto.com.br\/wp-content\/uploads\/2025\/04\/anacouto__product_visual_identity_branding._cap_and_sweatshir_3c06fad7-5660-4ce1-8663-eb5e87185735_0-copia-e1744135490506-893x1024.png\" class=\"attachment-large size-large wp-image-19082\" alt=\"\" srcset=\"https:\/\/anacouto.com.br\/wp-content\/uploads\/2025\/04\/anacouto__product_visual_identity_branding._cap_and_sweatshir_3c06fad7-5660-4ce1-8663-eb5e87185735_0-copia-e1744135490506-893x1024.png 893w, https:\/\/anacouto.com.br\/wp-content\/uploads\/2025\/04\/anacouto__product_visual_identity_branding._cap_and_sweatshir_3c06fad7-5660-4ce1-8663-eb5e87185735_0-copia-e1744135490506-262x300.png 262w, https:\/\/anacouto.com.br\/wp-content\/uploads\/2025\/04\/anacouto__product_visual_identity_branding._cap_and_sweatshir_3c06fad7-5660-4ce1-8663-eb5e87185735_0-copia-e1744135490506-768x881.png 768w, https:\/\/anacouto.com.br\/wp-content\/uploads\/2025\/04\/anacouto__product_visual_identity_branding._cap_and_sweatshir_3c06fad7-5660-4ce1-8663-eb5e87185735_0-copia-e1744135490506-1340x1536.png 1340w, https:\/\/anacouto.com.br\/wp-content\/uploads\/2025\/04\/anacouto__product_visual_identity_branding._cap_and_sweatshir_3c06fad7-5660-4ce1-8663-eb5e87185735_0-copia-e1744135490506-1786x2048.png 1786w, https:\/\/anacouto.com.br\/wp-content\/uploads\/2025\/04\/anacouto__product_visual_identity_branding._cap_and_sweatshir_3c06fad7-5660-4ce1-8663-eb5e87185735_0-copia-e1744135490506-10x12.png 10w\" sizes=\"(max-width: 800px) 100vw, 800px\" \/>\t\t\t\t\t\t\t\t\t\t\t\t\t\t\t<\/div>\n\t\t\t\t<\/div>\n\t\t\t\t\t<\/div>\n\t\t<\/div>\n\t\t\t\t<div class=\"elementor-column elementor-col-50 elementor-inner-column elementor-element elementor-element-59ba9a48\" data-id=\"59ba9a48\" data-element_type=\"column\" data-e-type=\"column\">\n\t\t\t<div class=\"elementor-widget-wrap elementor-element-populated\">\n\t\t\t\t\t\t<div class=\"elementor-element elementor-element-45d9aee0 elementor-widget elementor-widget-text-editor\" data-id=\"45d9aee0\" data-element_type=\"widget\" data-e-type=\"widget\" data-widget_type=\"text-editor.default\">\n\t\t\t\t<div class=\"elementor-widget-container\">\n\t\t\t\t\t\t\t\t\t<p class=\"\" data-start=\"769\" data-end=\"871\"><strong data-start=\"769\" data-end=\"871\">Se voc\u00ea lidera o branding da sua organiza\u00e7\u00e3o, sabe que reputa\u00e7\u00e3o n\u00e3o se constr\u00f3i s\u00f3 com campanhas.<\/strong><\/p>\t\t\t\t\t\t\t\t<\/div>\n\t\t\t\t<\/div>\n\t\t\t\t<div class=\"elementor-element elementor-element-c8c8525 elementor-widget elementor-widget-text-editor\" data-id=\"c8c8525\" data-element_type=\"widget\" data-e-type=\"widget\" data-widget_type=\"text-editor.default\">\n\t\t\t\t<div class=\"elementor-widget-container\">\n\t\t\t\t\t\t\t\t\t<p class=\"\" data-start=\"873\" data-end=\"1106\">Ela nasce da coer\u00eancia entre quem a marca \u00e9, o que entrega e como se comunica \u2014 todos os dias.<\/p><p class=\"\" data-start=\"873\" data-end=\"1106\">Neste conte\u00fado exclusivo, voc\u00ea vai entender como ativar o branding como motor da reputa\u00e7\u00e3o organizacional e do valor percebido no mercado.<\/p><p class=\"\" data-start=\"1108\" data-end=\"1130\"><strong data-start=\"1108\" data-end=\"1130\">Voc\u00ea vai aprender:<\/strong><\/p>\t\t\t\t\t\t\t\t<\/div>\n\t\t\t\t<\/div>\n\t\t\t\t<div class=\"elementor-element elementor-element-fc38d93 elementor-icon-list--layout-traditional elementor-list-item-link-full_width elementor-widget elementor-widget-icon-list\" data-id=\"fc38d93\" data-element_type=\"widget\" data-e-type=\"widget\" data-widget_type=\"icon-list.default\">\n\t\t\t\t<div class=\"elementor-widget-container\">\n\t\t\t\t\t\t\t<ul class=\"elementor-icon-list-items\">\n\t\t\t\t\t\t\t<li class=\"elementor-icon-list-item\">\n\t\t\t\t\t\t\t\t\t\t\t<span class=\"elementor-icon-list-icon\">\n\t\t\t\t\t\t\t<svg aria-hidden=\"true\" class=\"e-font-icon-svg e-fas-check-circle\" viewbox=\"0 0 512 512\" xmlns=\"http:\/\/www.w3.org\/2000\/svg\"><path d=\"M504 256c0 136.967-111.033 248-248 248S8 392.967 8 256 119.033 8 256 8s248 111.033 248 248zM227.314 387.314l184-184c6.248-6.248 6.248-16.379 0-22.627l-22.627-22.627c-6.248-6.249-16.379-6.249-22.628 0L216 308.118l-70.059-70.059c-6.248-6.248-16.379-6.248-22.628 0l-22.627 22.627c-6.248 6.248-6.248 16.379 0 22.627l104 104c6.249 6.249 16.379 6.249 22.628.001z\"><\/path><\/svg>\t\t\t\t\t\t<\/span>\n\t\t\t\t\t\t\t\t\t\t<span class=\"elementor-icon-list-text\">Como alinhar personalidade, posicionamento e express\u00e3o de marca<\/span>\n\t\t\t\t\t\t\t\t\t<\/li>\n\t\t\t\t\t\t\t\t<li class=\"elementor-icon-list-item\">\n\t\t\t\t\t\t\t\t\t\t\t<span class=\"elementor-icon-list-icon\">\n\t\t\t\t\t\t\t<svg aria-hidden=\"true\" class=\"e-font-icon-svg e-fas-check-circle\" viewbox=\"0 0 512 512\" xmlns=\"http:\/\/www.w3.org\/2000\/svg\"><path d=\"M504 256c0 136.967-111.033 248-248 248S8 392.967 8 256 119.033 8 256 8s248 111.033 248 248zM227.314 387.314l184-184c6.248-6.248 6.248-16.379 0-22.627l-22.627-22.627c-6.248-6.249-16.379-6.249-22.628 0L216 308.118l-70.059-70.059c-6.248-6.248-16.379-6.248-22.628 0l-22.627 22.627c-6.248 6.248-6.248 16.379 0 22.627l104 104c6.249 6.249 16.379 6.249 22.628.001z\"><\/path><\/svg>\t\t\t\t\t\t<\/span>\n\t\t\t\t\t\t\t\t\t\t<span class=\"elementor-icon-list-text\">Meios de impulsionar reputa\u00e7\u00e3o de forma estruturada e mensur\u00e1vel<\/span>\n\t\t\t\t\t\t\t\t\t<\/li>\n\t\t\t\t\t\t\t\t<li class=\"elementor-icon-list-item\">\n\t\t\t\t\t\t\t\t\t\t\t<span class=\"elementor-icon-list-icon\">\n\t\t\t\t\t\t\t<svg aria-hidden=\"true\" class=\"e-font-icon-svg e-fas-check-circle\" viewbox=\"0 0 512 512\" xmlns=\"http:\/\/www.w3.org\/2000\/svg\"><path d=\"M504 256c0 136.967-111.033 248-248 248S8 392.967 8 256 119.033 8 256 8s248 111.033 248 248zM227.314 387.314l184-184c6.248-6.248 6.248-16.379 0-22.627l-22.627-22.627c-6.248-6.249-16.379-6.249-22.628 0L216 308.118l-70.059-70.059c-6.248-6.248-16.379-6.248-22.628 0l-22.627 22.627c-6.248 6.248-6.248 16.379 0 22.627l104 104c6.249 6.249 16.379 6.249 22.628.001z\"><\/path><\/svg>\t\t\t\t\t\t<\/span>\n\t\t\t\t\t\t\t\t\t\t<span class=\"elementor-icon-list-text\">Como transformar branding em ativo estrat\u00e9gico com impacto direto nos neg\u00f3cios<\/span>\n\t\t\t\t\t\t\t\t\t<\/li>\n\t\t\t\t\t\t\t\t<li class=\"elementor-icon-list-item\">\n\t\t\t\t\t\t\t\t\t\t\t<span class=\"elementor-icon-list-icon\">\n\t\t\t\t\t\t\t<svg aria-hidden=\"true\" class=\"e-font-icon-svg e-fas-check-circle\" viewbox=\"0 0 512 512\" xmlns=\"http:\/\/www.w3.org\/2000\/svg\"><path d=\"M504 256c0 136.967-111.033 248-248 248S8 392.967 8 256 119.033 8 256 8s248 111.033 248 248zM227.314 387.314l184-184c6.248-6.248 6.248-16.379 0-22.627l-22.627-22.627c-6.248-6.249-16.379-6.249-22.628 0L216 308.118l-70.059-70.059c-6.248-6.248-16.379-6.248-22.628 0l-22.627 22.627c-6.248 6.248-6.248 16.379 0 22.627l104 104c6.249 6.249 16.379 6.249 22.628.001z\"><\/path><\/svg>\t\t\t\t\t\t<\/span>\n\t\t\t\t\t\t\t\t\t\t<span class=\"elementor-icon-list-text\">Casos reais que mostram como branding consistente gera valor e reconhecimento<\/span>\n\t\t\t\t\t\t\t\t\t<\/li>\n\t\t\t\t\t\t<\/ul>\n\t\t\t\t\t\t<\/div>\n\t\t\t\t<\/div>\n\t\t\t\t<div class=\"elementor-element elementor-element-bd34746 elementor-align-left elementor-mobile-align-center elementor-invisible elementor-widget elementor-widget-button\" data-id=\"bd34746\" data-element_type=\"widget\" data-e-type=\"widget\" data-settings=\"{&quot;_animation&quot;:&quot;bounceIn&quot;}\" data-widget_type=\"button.default\">\n\t\t\t\t<div class=\"elementor-widget-container\">\n\t\t\t\t\t\t\t\t\t<div class=\"elementor-button-wrapper\">\n\t\t\t\t\t<a class=\"elementor-button elementor-button-link elementor-size-lg elementor-animation-shrink\" href=\"#paper-branding-e-reputacao-b3bb6458dee2fe600694\">\n\t\t\t\t\t\t<span class=\"elementor-button-content-wrapper\">\n\t\t\t\t\t\t<span class=\"elementor-button-icon\">\n\t\t\t\t<svg aria-hidden=\"true\" class=\"e-font-icon-svg e-fas-arrow-circle-right\" viewbox=\"0 0 512 512\" xmlns=\"http:\/\/www.w3.org\/2000\/svg\"><path d=\"M256 8c137 0 248 111 248 248S393 504 256 504 8 393 8 256 119 8 256 8zm-28.9 143.6l75.5 72.4H120c-13.3 0-24 10.7-24 24v16c0 13.3 10.7 24 24 24h182.6l-75.5 72.4c-9.7 9.3-9.9 24.8-.4 34.3l11 10.9c9.4 9.4 24.6 9.4 33.9 0L404.3 273c9.4-9.4 9.4-24.6 0-33.9L271.6 106.3c-9.4-9.4-24.6-9.4-33.9 0l-11 10.9c-9.5 9.6-9.3 25.1.4 34.4z\"><\/path><\/svg>\t\t\t<\/span>\n\t\t\t\t\t\t\t\t\t<span class=\"elementor-button-text\">Baixar o paper gratuito<\/span>\n\t\t\t\t\t<\/span>\n\t\t\t\t\t<\/a>\n\t\t\t\t<\/div>\n\t\t\t\t\t\t\t\t<\/div>\n\t\t\t\t<\/div>\n\t\t\t\t\t<\/div>\n\t\t<\/div>\n\t\t\t\t\t<\/div>\n\t\t<\/section>\n\t\t\t\t<section class=\"elementor-section elementor-inner-section elementor-element elementor-element-c49125e elementor-section-boxed elementor-section-height-default elementor-section-height-default\" data-id=\"c49125e\" data-element_type=\"section\" data-e-type=\"section\">\n\t\t\t\t\t\t<div class=\"elementor-container elementor-column-gap-default\">\n\t\t\t\t\t<div class=\"elementor-column elementor-col-50 elementor-inner-column elementor-element elementor-element-e32f9dd\" data-id=\"e32f9dd\" data-element_type=\"column\" data-e-type=\"column\">\n\t\t\t<div class=\"elementor-widget-wrap elementor-element-populated\">\n\t\t\t\t\t\t<div class=\"elementor-element elementor-element-b13fcf7 elementor-widget elementor-widget-text-editor\" data-id=\"b13fcf7\" data-element_type=\"widget\" data-e-type=\"widget\" data-widget_type=\"text-editor.default\">\n\t\t\t\t<div class=\"elementor-widget-container\">\n\t\t\t\t\t\t\t\t\t<p class=\"\" data-start=\"1520\" data-end=\"1630\"><strong data-start=\"1520\" data-end=\"1630\">Voc\u00ea entrega pe\u00e7as, ativa campanhas, responde a briefings. Mas sua marca est\u00e1, de fato, gerando reputa\u00e7\u00e3o?<\/strong><\/p>\t\t\t\t\t\t\t\t<\/div>\n\t\t\t\t<\/div>\n\t\t\t\t<div class=\"elementor-element elementor-element-8bebd6e elementor-widget elementor-widget-text-editor\" data-id=\"8bebd6e\" data-element_type=\"widget\" data-e-type=\"widget\" data-widget_type=\"text-editor.default\">\n\t\t\t\t<div class=\"elementor-widget-container\">\n\t\t\t\t\t\t\t\t\t<p class=\"\" data-start=\"1632\" data-end=\"1865\">Apesar do potencial criativo e estrat\u00e9gico das marcas brasileiras, ainda n\u00e3o ocupamos os rankings globais de valor. O que falta? Gest\u00e3o cont\u00ednua e coerente da marca como sistema vivo \u2014 do discurso \u00e0 entrega, da cultura \u00e0 experi\u00eancia.<\/p><p class=\"\" data-start=\"1867\" data-end=\"2060\">Esse material \u00e9 um convite \u00e0 <strong data-start=\"1896\" data-end=\"1971\">reflex\u00e3o pr\u00e1tica sobre o papel do branding como ferramenta de reputa\u00e7\u00e3o<\/strong>. E mais do que isso: \u00e9 um mapa para que voc\u00ea atue com mais seguran\u00e7a, clareza e impacto.<\/p>\t\t\t\t\t\t\t\t<\/div>\n\t\t\t\t<\/div>\n\t\t\t\t\t<\/div>\n\t\t<\/div>\n\t\t\t\t<div class=\"elementor-column elementor-col-50 elementor-inner-column elementor-element elementor-element-ef96ef6\" data-id=\"ef96ef6\" data-element_type=\"column\" data-e-type=\"column\">\n\t\t\t<div class=\"elementor-widget-wrap elementor-element-populated\">\n\t\t\t\t\t\t<div class=\"elementor-element elementor-element-089fd4d elementor-widget elementor-widget-image\" data-id=\"089fd4d\" data-element_type=\"widget\" data-e-type=\"widget\" data-widget_type=\"image.default\">\n\t\t\t\t<div class=\"elementor-widget-container\">\n\t\t\t\t\t\t\t\t\t\t\t\t\t\t\t<img loading=\"lazy\" decoding=\"async\" width=\"800\" height=\"800\" src=\"https:\/\/anacouto.com.br\/wp-content\/uploads\/2025\/04\/ChatGPT-Image-3-de-abr.-de-2025-16_23_34-1024x1024.png\" class=\"attachment-large size-large wp-image-19084\" alt=\"\" srcset=\"https:\/\/anacouto.com.br\/wp-content\/uploads\/2025\/04\/ChatGPT-Image-3-de-abr.-de-2025-16_23_34-1024x1024.png 1024w, https:\/\/anacouto.com.br\/wp-content\/uploads\/2025\/04\/ChatGPT-Image-3-de-abr.-de-2025-16_23_34-300x300.png 300w, https:\/\/anacouto.com.br\/wp-content\/uploads\/2025\/04\/ChatGPT-Image-3-de-abr.-de-2025-16_23_34-768x769.png 768w, https:\/\/anacouto.com.br\/wp-content\/uploads\/2025\/04\/ChatGPT-Image-3-de-abr.-de-2025-16_23_34-1534x1536.png 1534w, https:\/\/anacouto.com.br\/wp-content\/uploads\/2025\/04\/ChatGPT-Image-3-de-abr.-de-2025-16_23_34-12x12.png 12w, https:\/\/anacouto.com.br\/wp-content\/uploads\/2025\/04\/ChatGPT-Image-3-de-abr.-de-2025-16_23_34.png 1536w\" sizes=\"(max-width: 800px) 100vw, 800px\" \/>\t\t\t\t\t\t\t\t\t\t\t\t\t\t\t<\/div>\n\t\t\t\t<\/div>\n\t\t\t\t\t<\/div>\n\t\t<\/div>\n\t\t\t\t\t<\/div>\n\t\t<\/section>\n\t\t\t\t\t<\/div>\n\t\t<\/div>\n\t\t\t\t\t<\/div>\n\t\t<\/section>\n\t\t\t\t<section class=\"elementor-section elementor-top-section elementor-element elementor-element-7bc0a37 elementor-section-boxed elementor-section-height-default elementor-section-height-default\" data-id=\"7bc0a37\" data-element_type=\"section\" data-e-type=\"section\" data-settings=\"{&quot;background_background&quot;:&quot;classic&quot;}\">\n\t\t\t\t\t\t<div class=\"elementor-container elementor-column-gap-default\">\n\t\t\t\t\t<div class=\"elementor-column elementor-col-50 elementor-top-column elementor-element elementor-element-d86cfbc\" data-id=\"d86cfbc\" data-element_type=\"column\" data-e-type=\"column\">\n\t\t\t<div class=\"elementor-widget-wrap elementor-element-populated\">\n\t\t\t\t\t\t<div class=\"elementor-element elementor-element-b05f3dc elementor-widget elementor-widget-heading\" data-id=\"b05f3dc\" data-element_type=\"widget\" data-e-type=\"widget\" data-widget_type=\"heading.default\">\n\t\t\t\t<div class=\"elementor-widget-container\">\n\t\t\t\t\t<h2 class=\"elementor-heading-title elementor-size-default\">Para quem vive a marca de dentro para fora, este material \u00e9 um aliado.\n\n<\/h2>\t\t\t\t<\/div>\n\t\t\t\t<\/div>\n\t\t\t\t<div class=\"elementor-element elementor-element-daa365c elementor-widget elementor-widget-heading\" data-id=\"daa365c\" data-element_type=\"widget\" data-e-type=\"widget\" data-widget_type=\"heading.default\">\n\t\t\t\t<div class=\"elementor-widget-container\">\n\t\t\t\t\t<h2 class=\"elementor-heading-title elementor-size-default\">A anacouto apoia gestores e equipes de branding a transformar o dia a dia em constru\u00e7\u00e3o de valor \u2014 com estrat\u00e9gia clara, express\u00e3o propriet\u00e1ria e consist\u00eancia na jornada do cliente.\n<p>\n\n<p>Se voc\u00ea busca ferramentas, repert\u00f3rio e refer\u00eancia pr\u00e1tica para fortalecer sua marca, este conte\u00fado \u00e9 para voc\u00ea.<\/h2>\t\t\t\t<\/div>\n\t\t\t\t<\/div>\n\t\t\t\t\t<\/div>\n\t\t<\/div>\n\t\t\t\t<div class=\"elementor-column elementor-col-50 elementor-top-column elementor-element elementor-element-9f7c82f\" data-id=\"9f7c82f\" data-element_type=\"column\" data-e-type=\"column\">\n\t\t\t<div class=\"elementor-widget-wrap elementor-element-populated\">\n\t\t\t\t\t\t<div class=\"elementor-element elementor-element-2ff7f14 elementor-widget elementor-widget-html\" data-id=\"2ff7f14\" data-element_type=\"widget\" data-e-type=\"widget\" data-widget_type=\"html.default\">\n\t\t\t\t<div class=\"elementor-widget-container\">\n\t\t\t\t\t<div role=\"main\" id=\"paper-branding-e-reputacao-b3bb6458dee2fe600694\"><\/div><script type=\"text\/javascript\" src=\"https:\/\/d335luupugsy2.cloudfront.net\/js\/rdstation-forms\/stable\/rdstation-forms.min.js\"><\/script><script type=\"text\/javascript\"> new RDStationForms('paper-branding-e-reputacao-b3bb6458dee2fe600694', 'UA-114424524-1').createForm();<\/script>\t\t\t\t<\/div>\n\t\t\t\t<\/div>\n\t\t\t\t\t<\/div>\n\t\t<\/div>\n\t\t\t\t\t<\/div>\n\t\t<\/section>\n\t\t<div class=\"elementor-element elementor-element-a816ffe e-flex e-con-boxed e-con e-parent\" data-id=\"a816ffe\" data-element_type=\"container\" data-e-type=\"container\">\n\t\t\t\t\t<div class=\"e-con-inner\">\n\t\t\t\t<div class=\"elementor-element elementor-element-987a7e7 elementor-widget elementor-widget-html\" data-id=\"987a7e7\" data-element_type=\"widget\" data-e-type=\"widget\" data-widget_type=\"html.default\">\n\t\t\t\t<div class=\"elementor-widget-container\">\n\t\t\t\t\t<script type=\"text\/javascript\" src=\"https:\/\/d335luupugsy2.cloudfront.net\/js\/rdstation-forms\/stable\/rdstation-forms.min.js\"><\/script>\t\t\t\t<\/div>\n\t\t\t\t<\/div>\n\t\t\t\t\t<\/div>\n\t\t\t\t<\/div>\n\t\t\t\t<section class=\"elementor-section elementor-top-section elementor-element elementor-element-9f4949c elementor-section-boxed elementor-section-height-default elementor-section-height-default\" data-id=\"9f4949c\" data-element_type=\"section\" data-e-type=\"section\" data-settings=\"{&quot;background_background&quot;:&quot;classic&quot;}\">\n\t\t\t\t\t\t<div class=\"elementor-container elementor-column-gap-default\">\n\t\t\t\t\t<div class=\"elementor-column elementor-col-100 elementor-top-column elementor-element elementor-element-7c00243a\" data-id=\"7c00243a\" data-element_type=\"column\" data-e-type=\"column\">\n\t\t\t<div class=\"elementor-widget-wrap elementor-element-populated\">\n\t\t\t\t\t\t\t<\/div>\n\t\t<\/div>\n\t\t\t\t\t<\/div>\n\t\t<\/section>\n\t\t\t\t<\/div>","protected":false},"excerpt":{"rendered":"<p>Branding e Reputa\u00e7\u00e3o: Sua marca est\u00e1 preparada para gerar valor real? Guia pr\u00e1tico para gestores que querem transformar a gest\u00e3o da branding em reputa\u00e7\u00e3o s\u00f3lida e vantagem competitiva. Baixar o paper gratuito Se voc\u00ea lidera o branding da sua organiza\u00e7\u00e3o, sabe que reputa\u00e7\u00e3o n\u00e3o se constr\u00f3i s\u00f3 com campanhas. Ela nasce da coer\u00eancia entre quem [&hellip;]<\/p>\n","protected":false},"author":19,"featured_media":0,"parent":1405,"menu_order":0,"comment_status":"closed","ping_status":"closed","template":"elementor_canvas","meta":{"footnotes":""},"class_list":["post-19079","page","type-page","status-publish","hentry"],"_links":{"self":[{"href":"https:\/\/anacouto.com.br\/en\/wp-json\/wp\/v2\/pages\/19079","targetHints":{"allow":["GET"]}}],"collection":[{"href":"https:\/\/anacouto.com.br\/en\/wp-json\/wp\/v2\/pages"}],"about":[{"href":"https:\/\/anacouto.com.br\/en\/wp-json\/wp\/v2\/types\/page"}],"author":[{"embeddable":true,"href":"https:\/\/anacouto.com.br\/en\/wp-json\/wp\/v2\/users\/19"}],"replies":[{"embeddable":true,"href":"https:\/\/anacouto.com.br\/en\/wp-json\/wp\/v2\/comments?post=19079"}],"version-history":[{"count":10,"href":"https:\/\/anacouto.com.br\/en\/wp-json\/wp\/v2\/pages\/19079\/revisions"}],"predecessor-version":[{"id":19126,"href":"https:\/\/anacouto.com.br\/en\/wp-json\/wp\/v2\/pages\/19079\/revisions\/19126"}],"up":[{"embeddable":true,"href":"https:\/\/anacouto.com.br\/en\/wp-json\/wp\/v2\/pages\/1405"}],"wp:attachment":[{"href":"https:\/\/anacouto.com.br\/en\/wp-json\/wp\/v2\/media?parent=19079"}],"curies":[{"name":"wp","href":"https:\/\/api.w.org\/{rel}","templated":true}]}}