{"id":13639,"date":"2018-01-26T17:15:07","date_gmt":"2018-01-26T19:15:07","guid":{"rendered":"http:\/\/legacy.anacouto.com.br\/?page_id=15"},"modified":"2018-01-26T17:15:07","modified_gmt":"2018-01-26T19:15:07","slug":"contato","status":"publish","type":"page","link":"https:\/\/anacouto.com.br\/en\/contato\/","title":{"rendered":"Contact"},"content":{"rendered":"\n<div class=\"wp-block-columns is-layout-flex wp-container-core-columns-is-layout-28f84493 wp-block-columns-is-layout-flex\">\n<div class=\"wp-block-column is-layout-flow wp-block-column-is-layout-flow\" style=\"flex-basis:100%\">\n<p>[su_row][su_column size=&#8221;1\/2&#8243; center=&#8221;no&#8221; class=&#8221;&#8221;]<\/p>\n<h2 style=\"text-align: left;\">NOVOS NEG\u00d3CIOS<\/h2>\n<h4>\u00a0<\/h4>\n<p style=\"text-align: left;\">Para entender com mais detalhes como funcionamos e que tipo de solu\u00e7\u00f5es podemos oferecer para sua empresa, entre em contato:<\/p>\n<h4>\u00a0<\/h4>\n<h4 style=\"text-align: left;\">RODRIGO LIMA<\/h4>\n<p style=\"text-align: left;\"><strong>Analista de Novos Neg\u00f3cios<\/strong><\/p>\n<p style=\"text-align: left;\"><a href=\"mailto:rlima@anacouto.com.br\">rlima@anacouto.com.br<\/a> 11 95942-3304<\/p>\n<h4 style=\"text-align: left;\">M\u00cdDIA<\/h4>\n<p style=\"text-align: left;\">Para informa\u00e7\u00f5es relacionadas a parceiros de m\u00eddia, escrever para:<\/p>\n<h4 style=\"text-align: left;\">Marcelle Villar<\/h4>\n<p style=\"text-align: left;\"><strong><span class=\"subtitle-02\">S\u00f3cia diretora de m\u00eddia<\/span><\/strong><\/p>\n<p style=\"text-align: left;\"><span class=\"subtitle-02\"><i class=\"fa fa-envelope\"><\/i>\u00a0<a href=\"mailto:mvillar@anacouto.com.br\"><strong>mvillar@anacouto.com.br<\/strong><\/a><\/span><\/p>\n<h4 style=\"text-align: left;\">Priscila Menezes<\/h4>\n<p style=\"text-align: left;\"><strong><span class=\"subtitle-02\">Gerente de m\u00eddia<\/span><\/strong><\/p>\n<p style=\"text-align: left;\"><span class=\"subtitle-02\"><i class=\"fa fa-envelope\"><\/i><strong><a href=\"mailto:pmenezes@anacouto.com.br\">pmenezes@anacouto.com.br<\/a><\/strong><\/span><\/p>\n<h4 style=\"text-align: left;\">MARKETING E ASSESSORIA<\/h4>\n<p style=\"text-align: left;\">Para assessoria de imprensa, eventos e parcerias, escrever para<\/p>\n<p style=\"text-align: left;\"><i class=\"fa fa-envelope\"><\/i>[\/su_column] [su_column size=&#8221;1\/2&#8243; center=&#8221;no&#8221; class=&#8221;&#8221;]<\/p>\n<div id=\"formulario_comercial_site-fb5b3630efda6500c110\" role=\"main\">\u00a0<\/div>\n<p style=\"text-align: left;\"><script type=\"text\/javascript\" src=\"https:\/\/d335luupugsy2.cloudfront.net\/js\/rdstation-forms\/stable\/rdstation-forms.min.js\"><\/script><script type=\"text\/javascript\"> new RDStationForms('formulario_comercial_site-fb5b3630efda6500c110', 'UA-114424524-1').createForm();<\/script> [\/su_column][\/su_row]<\/p>\n<\/div>\n<\/div>\n\n\n\n\n\n<h4 class=\"wp-block-heading\">[su_hr-black]<\/h4>\n\n\n<p>[su_row][su_column size=&#8221;1\/2&#8243; center=&#8221;no&#8221; class=&#8221;&#8221;]<\/p>\n<h4>ESCRIT\u00d3RIO S\u00c3O PAULO<\/h4>\n<p>Atendimento das 8h00 \u00e0s 20h00<br \/>\n<span class=\"subtitle-01\">Capital e interior<br \/>\n11 3089-4949<br \/>\n<\/span><\/p>\n<p>[\/su_column][\/su_row]<\/p>\n\n\n\n<h4 class=\"wp-block-heading\">[su_hr-black]<\/h4>\n\n\n\n<h4 class=\"wp-block-heading\">[su_hr-black]<\/h4>\n\n\n<p>[su_row][su_column size=&#8221;1\/2&#8243; center=&#8221;no&#8221; class=&#8221;&#8221;]<\/p>\n<h4>VAGAS<\/h4>\n<p>Fique ligado no nosso <strong><a href=\"http:\/\/www.linkedin.com\/company\/873620\/\" target=\"_blank\" rel=\"noopener\">LinkedIn<\/a><\/strong>.<br \/>\nSe preferir, envie curr\u00edculo para:<br \/>\n<span class=\"subtitle-02\"><i class=\"fa fa-envelope\"><\/i>&nbsp;&nbsp;<a href=\"mailto:vagas@anacouto.com.br\"><strong>vagas@anacouto.com.br<\/strong><\/a><\/span><\/p>\n<p>[\/su_column]<br \/>\n[su_column size=&#8221;1\/2&#8243; center=&#8221;no&#8221; class=&#8221;&#8221;]<\/p>\n<h4>OUTROS ASSUNTOS<\/h4>\n<p>Assuntos ligados ao Universo AC ou um simples &#8220;Ol\u00e1&#8221; para n\u00f3s:<br \/>\n<span class=\"subtitle-02\"><i class=\"fa fa-envelope\"><\/i>&nbsp;&nbsp;<a href=\"mailto:contato@anacouto.com.br\"><strong>contato@anacouto.com.br<\/strong><\/a><\/span><\/p>\n<p>[\/su_column][\/su_row]<\/p>\n\n\n\n<h4 class=\"wp-block-heading\">&nbsp;<\/h4>\n\n\n\n<h4 class=\"wp-block-heading\">&nbsp;<\/h4>\n\n\n\n<h4 class=\"wp-block-heading\">[su_hr-black]<\/h4>\n","protected":false},"excerpt":{"rendered":"<p>[su_row][su_column size=&#8221;1\/2&#8243; center=&#8221;no&#8221; class=&#8221;&#8221;] NOVOS NEG\u00d3CIOS \u00a0 Para entender com mais detalhes como funcionamos e que tipo de solu\u00e7\u00f5es podemos oferecer para sua empresa, entre em contato: \u00a0 RODRIGO LIMA Analista de Novos Neg\u00f3cios rlima@anacouto.com.br 11 95942-3304 M\u00cdDIA Para informa\u00e7\u00f5es relacionadas a parceiros de m\u00eddia, escrever para: Marcelle Villar S\u00f3cia diretora de m\u00eddia \u00a0mvillar@anacouto.com.br Priscila [&hellip;]<\/p>\n","protected":false},"author":2,"featured_media":0,"parent":0,"menu_order":0,"comment_status":"closed","ping_status":"closed","template":"contato.php","meta":{"footnotes":""},"class_list":["post-13639","page","type-page","status-publish","hentry"],"_links":{"self":[{"href":"https:\/\/anacouto.com.br\/en\/wp-json\/wp\/v2\/pages\/13639","targetHints":{"allow":["GET"]}}],"collection":[{"href":"https:\/\/anacouto.com.br\/en\/wp-json\/wp\/v2\/pages"}],"about":[{"href":"https:\/\/anacouto.com.br\/en\/wp-json\/wp\/v2\/types\/page"}],"author":[{"embeddable":true,"href":"https:\/\/anacouto.com.br\/en\/wp-json\/wp\/v2\/users\/2"}],"replies":[{"embeddable":true,"href":"https:\/\/anacouto.com.br\/en\/wp-json\/wp\/v2\/comments?post=13639"}],"version-history":[{"count":0,"href":"https:\/\/anacouto.com.br\/en\/wp-json\/wp\/v2\/pages\/13639\/revisions"}],"wp:attachment":[{"href":"https:\/\/anacouto.com.br\/en\/wp-json\/wp\/v2\/media?parent=13639"}],"curies":[{"name":"wp","href":"https:\/\/api.w.org\/{rel}","templated":true}]}}