{"id":13124,"date":"2023-09-29T02:20:33","date_gmt":"2023-09-29T05:20:33","guid":{"rendered":"https:\/\/legacy.anacouto.com.br\/?page_id=13124"},"modified":"2023-09-29T02:20:33","modified_gmt":"2023-09-29T05:20:33","slug":"marca","status":"publish","type":"page","link":"https:\/\/anacouto.com.br\/en\/marca\/","title":{"rendered":"Brand"},"content":{"rendered":"<h2>Alinhamos Marca,<br \/>\nNeg\u00f3cio e Comunica\u00e7\u00e3o<br \/>\na partir do prop\u00f3sito. <\/h2>\n<h2>Marcas com prop\u00f3sito bem definido valem 18% a mais do que marcas sem prop\u00f3sito claro.  <\/h2>\n<h2>Est\u00e1 pronto para potencializar o valor da sua marca e trazer resultados para o seu neg\u00f3cio?<br \/>\nNossa metodologia propriet\u00e1ria cria marcas ic\u00f4nicas e impulsiona o sucesso de organiza\u00e7\u00f5es dentro e fora do Brasil.  <\/h2>\n<p>\t\t\t\t\t\t\t\t\t\t\t\t<img loading=\"lazy\" decoding=\"async\" width=\"208\" height=\"300\" src=\"http:\/\/legacy.anacouto.com.br\/wp-content\/uploads\/2022\/07\/COTOMON_ANACOUTO-208x300.png\" alt=\"\" srcset=\"https:\/\/legacy.anacouto.com.br\/wp-content\/uploads\/2022\/07\/COTOMON_ANACOUTO-208x300.png 208w, https:\/\/legacy.anacouto.com.br\/wp-content\/uploads\/2022\/07\/COTOMON_ANACOUTO.png 405w\" sizes=\"auto, (max-width: 208px) 100vw, 208px\" \/><br \/>\n\t\t\t\t\t\t\t\t\t\t\t\t<img loading=\"lazy\" decoding=\"async\" width=\"1024\" height=\"512\" src=\"http:\/\/legacy.anacouto.com.br\/wp-content\/uploads\/2023\/09\/como_fazemos_banner_pp5-1024x512.webp\" alt=\"\" srcset=\"https:\/\/legacy.anacouto.com.br\/wp-content\/uploads\/2023\/09\/como_fazemos_banner_pp5-1024x512.webp 1024w, https:\/\/legacy.anacouto.com.br\/wp-content\/uploads\/2023\/09\/como_fazemos_banner_pp5-300x150.webp 300w, https:\/\/legacy.anacouto.com.br\/wp-content\/uploads\/2023\/09\/como_fazemos_banner_pp5-768x384.webp 768w, https:\/\/legacy.anacouto.com.br\/wp-content\/uploads\/2023\/09\/como_fazemos_banner_pp5.webp 1200w\" sizes=\"auto, (max-width: 1024px) 100vw, 1024px\" \/><\/p>\n<h2>Metodologia Propriet\u00e1ria que impacta o seu neg\u00f3cio em diferentes frentes.<\/h2>\n<h2>Nossa equipe de especialistas mergulha fundo no prop\u00f3sito da marca, identifica seus diferenciais competitivos e realiza pesquisas s\u00f3lidas de mercado, para construir uma estrat\u00e9gia que impacta cada aspecto do seu neg\u00f3cio.<br \/>\nNossa metodologia propriet\u00e1ria cria marcas ic\u00f4nicas e impulsiona o sucesso de organiza\u00e7\u00f5es dentro e fora do Brasil.  <\/h2>\n<h2>Geramos e gerimos valor para o seu neg\u00f3cio.<\/h2>\n<p>\t\t\t\t\t\t\t\t\t\t\t\t<img loading=\"lazy\" decoding=\"async\" width=\"1024\" height=\"540\" src=\"http:\/\/legacy.anacouto.com.br\/wp-content\/uploads\/2023\/09\/a1bb82e6-48de-499b-8320-58abb4e2a86f-1-1024x540.jpeg\" alt=\"\" srcset=\"https:\/\/legacy.anacouto.com.br\/wp-content\/uploads\/2023\/09\/a1bb82e6-48de-499b-8320-58abb4e2a86f-1-1024x540.jpeg 1024w, https:\/\/legacy.anacouto.com.br\/wp-content\/uploads\/2023\/09\/a1bb82e6-48de-499b-8320-58abb4e2a86f-1-300x158.jpeg 300w, https:\/\/legacy.anacouto.com.br\/wp-content\/uploads\/2023\/09\/a1bb82e6-48de-499b-8320-58abb4e2a86f-1-768x405.jpeg 768w, https:\/\/legacy.anacouto.com.br\/wp-content\/uploads\/2023\/09\/a1bb82e6-48de-499b-8320-58abb4e2a86f-1.jpeg 1102w\" sizes=\"auto, (max-width: 1024px) 100vw, 1024px\" \/><\/p>\n<h2>Rebranding<\/b> <br \/>\ncomo estrat\u00e9gia para o neg\u00f3cio.  frentes.<\/h2>\n<h2>Constru\u00edmos marcas ic\u00f4nicas e geramos valor para essas marcas a partir dos<br \/>\nseus prop\u00f3sitos .  <\/h2>\n<figure><img decoding=\"async\" src=\"http:\/\/legacy.anacouto.com.br\/wp-content\/uploads\/2023\/09\/2-2-e1649345265891.webp\" alt=\"2-2-e1649345265891\" \/><\/figure>\n<figure><img decoding=\"async\" src=\"http:\/\/legacy.anacouto.com.br\/wp-content\/uploads\/2023\/09\/Brastemp_Case_Site-11-scaled-1.webp\" alt=\"Brastemp_Case_Site-11-scaled\" \/><\/figure>\n<figure><img decoding=\"async\" src=\"http:\/\/legacy.anacouto.com.br\/wp-content\/uploads\/2023\/09\/icarros_case-01.webp\" alt=\"icarros_case-01\" \/><\/figure>\n<figure><img decoding=\"async\" src=\"http:\/\/legacy.anacouto.com.br\/wp-content\/uploads\/2023\/09\/icarros_case-03.webp\" alt=\"icarros_case-03\" \/><\/figure>\n<figure><img decoding=\"async\" src=\"http:\/\/legacy.anacouto.com.br\/wp-content\/uploads\/2023\/09\/icarros_case-07.webp\" alt=\"icarros_case-07\" \/><\/figure>\n<h2>Branding \u00e9 gest\u00e3o de valor. <\/h2>\n<p>\t\t\t\t\t\t\t\t\t\t\t\t<img loading=\"lazy\" decoding=\"async\" width=\"1024\" height=\"512\" src=\"http:\/\/legacy.anacouto.com.br\/wp-content\/uploads\/2023\/09\/como_fazemos_banner_pp1-1-1024x512.webp\" alt=\"\" srcset=\"https:\/\/legacy.anacouto.com.br\/wp-content\/uploads\/2023\/09\/como_fazemos_banner_pp1-1-1024x512.webp 1024w, https:\/\/legacy.anacouto.com.br\/wp-content\/uploads\/2023\/09\/como_fazemos_banner_pp1-1-300x150.webp 300w, https:\/\/legacy.anacouto.com.br\/wp-content\/uploads\/2023\/09\/como_fazemos_banner_pp1-1-768x384.webp 768w, https:\/\/legacy.anacouto.com.br\/wp-content\/uploads\/2023\/09\/como_fazemos_banner_pp1-1.webp 1200w\" sizes=\"auto, (max-width: 1024px) 100vw, 1024px\" \/><\/p>\n<h2>Preocupa\u00e7\u00f5es sobre como mudan\u00e7as podem afetar a percep\u00e7\u00e3o existente de uma marca, ou se a nova identidade ir\u00e1 ressoar com o p\u00fablico-alvo e at\u00e9 se o investimento resultar\u00e1 em resultados tang\u00edveis s\u00e3o perfeitamente compreens\u00edveis.<\/p>\n<p>No entanto, \u00e9 nesse momento de reflex\u00e3o e d\u00favida que a Ana Couto pode se tornar o seu parceiro estrat\u00e9gico.<\/p>\n<p>Afinal, para n\u00f3s Branding n\u00e3o se trata apenas de logotipo. Mas sim de uma poderosa ferramenta de gest\u00e3o de valor que alinha Marca, Neg\u00f3cio e Comunica\u00e7\u00e3o.<\/p>\n<p>Com uma extensa e s\u00f3lida trajet\u00f3ria em brandings bem-sucedidos, entendemos as suas preocupa\u00e7\u00f5es e estamos prontos para transform\u00e1-las em oportunidades de crescimento e diferencia\u00e7\u00e3o no mercado.<\/p>\n<p>Deixe-nos ajud\u00e1-lo a superar esses desafios e a trilhar o caminho do sucesso atrav\u00e9s do poder transformador do branding. <\/h2>\n<figure><img decoding=\"async\" src=\"http:\/\/legacy.anacouto.com.br\/wp-content\/uploads\/2023\/09\/xp-1.svg\" alt=\"xp-1\" \/><\/figure>\n<figure><img decoding=\"async\" src=\"http:\/\/legacy.anacouto.com.br\/wp-content\/uploads\/2023\/09\/Ativo-1-copiar-1.svg\" alt=\"Ativo-1-copiar-1\" \/><\/figure>\n<figure><img decoding=\"async\" src=\"http:\/\/legacy.anacouto.com.br\/wp-content\/uploads\/2023\/09\/bs3.svg\" alt=\"bs3\" \/><\/figure>\n<figure><img decoding=\"async\" src=\"http:\/\/legacy.anacouto.com.br\/wp-content\/uploads\/2023\/09\/citroen-2.svg\" alt=\"citroen-2\" \/><\/figure>\n<figure><img decoding=\"async\" src=\"http:\/\/legacy.anacouto.com.br\/wp-content\/uploads\/2023\/09\/ELETROBRAS-copiar-3.svg\" alt=\"ELETROBRAS-copiar-3\" \/><\/figure>\n<figure><img decoding=\"async\" src=\"http:\/\/legacy.anacouto.com.br\/wp-content\/uploads\/2023\/09\/eletromidia.svg\" alt=\"eletromidia\" \/><\/figure>\n<figure><img decoding=\"async\" src=\"http:\/\/legacy.anacouto.com.br\/wp-content\/uploads\/2023\/09\/hapvida.svg\" alt=\"hapvida\" \/><\/figure>\n<figure><img decoding=\"async\" src=\"http:\/\/legacy.anacouto.com.br\/wp-content\/uploads\/2023\/09\/havaianas.svg\" alt=\"havaianas\" \/><\/figure>\n<figure><img decoding=\"async\" src=\"http:\/\/legacy.anacouto.com.br\/wp-content\/uploads\/2023\/09\/ifood.svg\" alt=\"ifood\" \/><\/figure>\n<figure><img decoding=\"async\" src=\"http:\/\/legacy.anacouto.com.br\/wp-content\/uploads\/2023\/09\/Imagem1.webp\" alt=\"Imagem1\" \/><\/figure>\n<figure><img decoding=\"async\" src=\"http:\/\/legacy.anacouto.com.br\/wp-content\/uploads\/2023\/09\/logo_cbf2-1.svg\" alt=\"logo_cbf2-1\" \/><\/figure>\n<figure><img decoding=\"async\" src=\"http:\/\/legacy.anacouto.com.br\/wp-content\/uploads\/2023\/09\/logo_natura.svg\" alt=\"logo_natura\" \/><\/figure>\n<figure><img decoding=\"async\" src=\"http:\/\/legacy.anacouto.com.br\/wp-content\/uploads\/2023\/09\/Logo_parperfeito.svg\" alt=\"Logo_parperfeito\" \/><\/figure>\n<figure><img decoding=\"async\" src=\"http:\/\/legacy.anacouto.com.br\/wp-content\/uploads\/2023\/09\/logo_sbt-1-1-1.svg\" alt=\"logo_sbt-1-1-1\" \/><\/figure>\n<figure><img decoding=\"async\" src=\"http:\/\/legacy.anacouto.com.br\/wp-content\/uploads\/2023\/09\/MBEV.svg\" alt=\"MBEV\" \/><\/figure>\n<figure><img decoding=\"async\" src=\"http:\/\/legacy.anacouto.com.br\/wp-content\/uploads\/2023\/09\/minalba-2.svg\" alt=\"minalba-2\" \/><\/figure>\n<figure><img decoding=\"async\" src=\"http:\/\/legacy.anacouto.com.br\/wp-content\/uploads\/2023\/09\/RAIZEN-copiar-1.svg\" alt=\"RAIZEN-copiar-1\" \/><\/figure>\n<figure><img decoding=\"async\" src=\"http:\/\/legacy.anacouto.com.br\/wp-content\/uploads\/2023\/09\/teste-peugeout-2.svg\" alt=\"teste-peugeout-2\" \/><\/figure>\n<figure><img decoding=\"async\" src=\"http:\/\/legacy.anacouto.com.br\/wp-content\/uploads\/2023\/09\/ultragaz.svg\" alt=\"ultragaz\" \/><\/figure>\n<figure><img decoding=\"async\" src=\"http:\/\/legacy.anacouto.com.br\/wp-content\/uploads\/2023\/09\/uol-2.svg\" alt=\"uol-2\" \/><\/figure>\n<figure><img decoding=\"async\" src=\"http:\/\/legacy.anacouto.com.br\/wp-content\/uploads\/2023\/09\/vli-1.svg\" alt=\"vli-1\" \/><\/figure>\n<h2>Potencialize o valor do seu Branding <\/h2>\n<h2>Est\u00e1 pronto para se tornar o pr\u00f3ximo case de sucesso?<br \/>\nCompartilhe seu desafio conosco e vamos mostrar como nossa metodologia propriet\u00e1ria pode elevar os resultados do seu neg\u00f3cio.  <\/h2>","protected":false},"excerpt":{"rendered":"<p>Alinhamos Marca, Neg\u00f3cio e Comunica\u00e7\u00e3o a partir do prop\u00f3sito. Marcas com prop\u00f3sito bem definido valem 18% a mais do que marcas sem prop\u00f3sito claro. Est\u00e1 pronto para potencializar o valor da sua marca e trazer resultados para o seu neg\u00f3cio? Nossa metodologia propriet\u00e1ria cria marcas ic\u00f4nicas e impulsiona o sucesso de organiza\u00e7\u00f5es dentro e fora [&hellip;]<\/p>\n","protected":false},"author":2,"featured_media":0,"parent":0,"menu_order":0,"comment_status":"closed","ping_status":"closed","template":"elementor_header_footer","meta":{"footnotes":""},"class_list":["post-13124","page","type-page","status-publish","hentry"],"_links":{"self":[{"href":"https:\/\/anacouto.com.br\/en\/wp-json\/wp\/v2\/pages\/13124","targetHints":{"allow":["GET"]}}],"collection":[{"href":"https:\/\/anacouto.com.br\/en\/wp-json\/wp\/v2\/pages"}],"about":[{"href":"https:\/\/anacouto.com.br\/en\/wp-json\/wp\/v2\/types\/page"}],"author":[{"embeddable":true,"href":"https:\/\/anacouto.com.br\/en\/wp-json\/wp\/v2\/users\/2"}],"replies":[{"embeddable":true,"href":"https:\/\/anacouto.com.br\/en\/wp-json\/wp\/v2\/comments?post=13124"}],"version-history":[{"count":0,"href":"https:\/\/anacouto.com.br\/en\/wp-json\/wp\/v2\/pages\/13124\/revisions"}],"wp:attachment":[{"href":"https:\/\/anacouto.com.br\/en\/wp-json\/wp\/v2\/media?parent=13124"}],"curies":[{"name":"wp","href":"https:\/\/api.w.org\/{rel}","templated":true}]}}