{"id":10149,"date":"2021-08-18T11:10:13","date_gmt":"2021-08-18T14:10:13","guid":{"rendered":"http:\/\/legacy.anacouto.com.br\/?page_id=10149"},"modified":"2025-04-22T12:57:55","modified_gmt":"2025-04-22T15:57:55","slug":"etica-e-compliance","status":"publish","type":"page","link":"https:\/\/anacouto.com.br\/en\/etica-e-compliance\/","title":{"rendered":"C\u00f3digo de \u00c9tica e Conduta do Grupo anacouto"},"content":{"rendered":"<div data-elementor-type=\"wp-page\" data-elementor-id=\"10149\" class=\"elementor elementor-10149\" data-elementor-post-type=\"page\">\n\t\t\t\t<div class=\"elementor-element elementor-element-e8d0d19 e-flex e-con-boxed e-con e-parent\" data-id=\"e8d0d19\" data-element_type=\"container\" data-e-type=\"container\" data-settings=\"{&quot;background_background&quot;:&quot;classic&quot;}\">\n\t\t\t\t\t<div class=\"e-con-inner\">\n\t\t<div class=\"elementor-element elementor-element-3b4caa7 e-flex e-con-boxed e-con e-child\" data-id=\"3b4caa7\" data-element_type=\"container\" data-e-type=\"container\">\n\t\t\t\t\t<div class=\"e-con-inner\">\n\t\t\t\t<div class=\"elementor-element elementor-element-53b8094 elementor-widget elementor-widget-heading\" data-id=\"53b8094\" data-element_type=\"widget\" data-e-type=\"widget\" data-widget_type=\"heading.default\">\n\t\t\t\t<div class=\"elementor-widget-container\">\n\t\t\t\t\t<h2 class=\"elementor-heading-title elementor-size-default\">Ethics and Compliance<\/h2>\t\t\t\t<\/div>\n\t\t\t\t<\/div>\n\t\t\t\t\t<\/div>\n\t\t\t\t<\/div>\n\t\t\t\t\t<\/div>\n\t\t\t\t<\/div>\n\t\t<div class=\"elementor-element elementor-element-8d4f1c2 e-flex e-con-boxed e-con e-parent\" data-id=\"8d4f1c2\" data-element_type=\"container\" data-e-type=\"container\" data-settings=\"{&quot;background_background&quot;:&quot;classic&quot;}\">\n\t\t\t\t\t<div class=\"e-con-inner\">\n\t\t\t\t<div class=\"elementor-element elementor-element-d55b182 elementor-widget elementor-widget-text-editor\" data-id=\"d55b182\" data-element_type=\"widget\" data-e-type=\"widget\" data-widget_type=\"text-editor.default\">\n\t\t\t\t<div class=\"elementor-widget-container\">\n\t\t\t\t\t\t\t\t\t<p>A AC Company Ltda e a Laje Inova\u00e7\u00e3o e Aprendizagem Ltda. (Grupo Ana Couto) visam a constru\u00e7\u00e3o de uma sociedade mais justa, que valoriza caracter\u00edsticas como honestidade, integridade, diversidade e respeito, al\u00e9m da transpar\u00eancia em todas as suas atividades. Temos como nossos princ\u00edpios o combate \u00e0 corrup\u00e7\u00e3o, a discrimina\u00e7\u00e3o, o preconceito, o racismo, o ass\u00e9dio, o bullying e o trabalho infantil.<br \/>Nossa premissa fundamental \u00e9 a aten\u00e7\u00e3o e o respeito aos direitos individuais de cada um dos nossos clientes, parceiros e colaboradores. Parar dar suporte a essa estrat\u00e9gia, temos um Comit\u00ea de Compliance, composto por 3 membros altamente qualificados, para atualiza\u00e7\u00e3o e gest\u00e3o do que o nosso c\u00f3digo de \u00e9tica compreende e que, juntos, compartilham da mesma vis\u00e3o em prol do Grupo Ana Couto, que \u201c\u00e9, faz e fala\u201d.<br \/>Para garantir que essa conduta se cumpra, \u00e9 imprescind\u00edvel o conhecimento dos comportamentos \u00e9ticos estabelecidos para todas as rela\u00e7\u00f5es do Grupo Ana Couto partindo de colaboradores e aqueles que nos representam \u2013 membros do Conselho de Compliance e s\u00f3cios \u2013 prestadores de servi\u00e7os, entre outros. Dessa forma, conseguimos estabelecer um ambiente corporativo democr\u00e1tico e igualit\u00e1rio.<br \/>Sendo assim, estabelecemos o C\u00f3digo de \u00c9tica do Grupo Ana Couto e processos robustos de Compliance para o cumprimento das pol\u00edticas internas, diante das leis do Brasil, sendo de observ\u00e2ncia e obrigat\u00f3ria.<\/p><p>CONHE\u00c7A O C\u00d3DIGO DE \u00c9TICA CLICANDO NA IMAGEM ABAIXO<\/p>\t\t\t\t\t\t\t\t<\/div>\n\t\t\t\t<\/div>\n\t\t\t\t<div class=\"elementor-element elementor-element-c83d834 elementor-widget elementor-widget-image\" data-id=\"c83d834\" data-element_type=\"widget\" data-e-type=\"widget\" data-widget_type=\"image.default\">\n\t\t\t\t<div class=\"elementor-widget-container\">\n\t\t\t\t\t\t\t\t\t\t\t\t\t\t\t\t<a href=\"http:\/\/anacouto.com.br\/wp-content\/uploads\/2025\/01\/anacouto-Codigo-de-Etica-e-Conduta-2.pdf\">\n\t\t\t\t\t\t\t<img fetchpriority=\"high\" decoding=\"async\" width=\"800\" height=\"450\" src=\"https:\/\/anacouto.com.br\/wp-content\/uploads\/2025\/01\/etica-1024x576.png\" class=\"attachment-large size-large wp-image-18737\" alt=\"\" srcset=\"https:\/\/anacouto.com.br\/wp-content\/uploads\/2025\/01\/etica-1024x576.png 1024w, https:\/\/anacouto.com.br\/wp-content\/uploads\/2025\/01\/etica-300x169.png 300w, https:\/\/anacouto.com.br\/wp-content\/uploads\/2025\/01\/etica-768x432.png 768w, https:\/\/anacouto.com.br\/wp-content\/uploads\/2025\/01\/etica-18x10.png 18w, https:\/\/anacouto.com.br\/wp-content\/uploads\/2025\/01\/etica.png 1084w\" sizes=\"(max-width: 800px) 100vw, 800px\" \/>\t\t\t\t\t\t\t\t<\/a>\n\t\t\t\t\t\t\t\t\t\t\t\t\t\t\t<\/div>\n\t\t\t\t<\/div>\n\t\t\t\t\t<\/div>\n\t\t\t\t<\/div>\n\t\t<div class=\"elementor-element elementor-element-a5d5d0c e-flex e-con-boxed e-con e-parent\" data-id=\"a5d5d0c\" data-element_type=\"container\" data-e-type=\"container\">\n\t\t\t\t\t<div class=\"e-con-inner\">\n\t\t\t\t<div class=\"elementor-element elementor-element-e3537b1 elementor-widget elementor-widget-text-editor\" data-id=\"e3537b1\" data-element_type=\"widget\" data-e-type=\"widget\" data-widget_type=\"text-editor.default\">\n\t\t\t\t<div class=\"elementor-widget-container\">\n\t\t\t\t\t\t\t\t\t<p>Todas as comunica\u00e7\u00f5es ou den\u00fancias de fatos ou condutas que estejam em desacordo com o conte\u00fado deste C\u00f3digo de \u00c9tica poder\u00e3o ser direcionadas ao Comit\u00ea de Compliance, por meio do e-mail&nbsp;<a href=\"mailto: ouvidoria@anacouto.com.br\" target=\"_blank\" style=\"font-family: var( --e-global-typography-text-font-family ), Sans-serif; font-size: var( --e-global-typography-text-font-size ); text-align: var(--text-align);\">ouvidoria@anacouto.com.br<\/a><\/p>\t\t\t\t\t\t\t\t<\/div>\n\t\t\t\t<\/div>\n\t\t\t\t\t<\/div>\n\t\t\t\t<\/div>\n\t\t\t\t<\/div>","protected":false},"excerpt":{"rendered":"<p>\u00c9tica e Compliance A AC Company Ltda e a Laje Inova\u00e7\u00e3o e Aprendizagem Ltda. (Grupo Ana Couto) visam a constru\u00e7\u00e3o de uma sociedade mais justa, que valoriza caracter\u00edsticas como honestidade, integridade, diversidade e respeito, al\u00e9m da transpar\u00eancia em todas as suas atividades. Temos como nossos princ\u00edpios o combate \u00e0 corrup\u00e7\u00e3o, a discrimina\u00e7\u00e3o, o preconceito, o [&hellip;]<\/p>\n","protected":false},"author":2,"featured_media":0,"parent":0,"menu_order":0,"comment_status":"closed","ping_status":"closed","template":"","meta":{"footnotes":""},"class_list":["post-10149","page","type-page","status-publish","hentry"],"_links":{"self":[{"href":"https:\/\/anacouto.com.br\/en\/wp-json\/wp\/v2\/pages\/10149","targetHints":{"allow":["GET"]}}],"collection":[{"href":"https:\/\/anacouto.com.br\/en\/wp-json\/wp\/v2\/pages"}],"about":[{"href":"https:\/\/anacouto.com.br\/en\/wp-json\/wp\/v2\/types\/page"}],"author":[{"embeddable":true,"href":"https:\/\/anacouto.com.br\/en\/wp-json\/wp\/v2\/users\/2"}],"replies":[{"embeddable":true,"href":"https:\/\/anacouto.com.br\/en\/wp-json\/wp\/v2\/comments?post=10149"}],"version-history":[{"count":24,"href":"https:\/\/anacouto.com.br\/en\/wp-json\/wp\/v2\/pages\/10149\/revisions"}],"predecessor-version":[{"id":19136,"href":"https:\/\/anacouto.com.br\/en\/wp-json\/wp\/v2\/pages\/10149\/revisions\/19136"}],"wp:attachment":[{"href":"https:\/\/anacouto.com.br\/en\/wp-json\/wp\/v2\/media?parent=10149"}],"curies":[{"name":"wp","href":"https:\/\/api.w.org\/{rel}","templated":true}]}}